{"id":568,"date":"2020-08-31T13:23:28","date_gmt":"2020-08-31T13:23:28","guid":{"rendered":"https:\/\/serwis-panasonic.pl\/?page_id=568"},"modified":"2021-06-16T17:42:13","modified_gmt":"2021-06-16T17:42:13","slug":"polityka-prywatnosci","status":"publish","type":"page","link":"https:\/\/serwis-panasonic.pl\/index.php\/polityka-prywatnosci\/","title":{"rendered":"Polityka prywatno\u015bci"},"content":{"rendered":"\t\t<div data-elementor-type=\"wp-page\" data-elementor-id=\"568\" class=\"elementor elementor-568\">\n\t\t\t\t\t\t<div class=\"elementor-inner\">\n\t\t\t\t<div class=\"elementor-section-wrap\">\n\t\t\t\t\t\t\t\t\t<section class=\"elementor-section elementor-top-section elementor-element elementor-element-63883c0f elementor-section-boxed elementor-section-height-default elementor-section-height-default\" data-id=\"63883c0f\" data-element_type=\"section\">\n\t\t\t\t\t\t<div class=\"elementor-container elementor-column-gap-default\">\n\t\t\t\t\t\t\t<div class=\"elementor-row\">\n\t\t\t\t\t<div class=\"elementor-column elementor-col-100 elementor-top-column elementor-element elementor-element-5465b744\" data-id=\"5465b744\" data-element_type=\"column\">\n\t\t\t<div class=\"elementor-column-wrap elementor-element-populated\">\n\t\t\t\t\t\t\t<div class=\"elementor-widget-wrap\">\n\t\t\t\t\t\t<div class=\"elementor-element elementor-element-98b0e52 elementor-widget elementor-widget-heading\" data-id=\"98b0e52\" data-element_type=\"widget\" data-widget_type=\"heading.default\">\n\t\t\t\t<div class=\"elementor-widget-container\">\n\t\t\t<h2 class=\"elementor-heading-title elementor-size-default\">Polityka prywatno\u015bci<\/h2>\t\t<\/div>\n\t\t\t\t<\/div>\n\t\t\t\t<div class=\"elementor-element elementor-element-466e0369 elementor-widget elementor-widget-text-editor\" data-id=\"466e0369\" data-element_type=\"widget\" data-widget_type=\"text-editor.default\">\n\t\t\t\t<div class=\"elementor-widget-container\">\n\t\t\t\t\t\t\t\t<div class=\"elementor-text-editor elementor-clearfix\">\n\t\t\t\t<p><!-- wp:shortcode --><\/p>\n<h4>Polityka prywatno\u015bci Serwisu W&amp;W serwis-panasonic.pl<br>https:\/\/serwis-panasonic.pl<\/h4>\n<section><strong>Drogi U\u017cytkowniku!<\/strong><p><\/p>\n<p>Dbamy o Twoj\u0105 prywatno\u015b\u0107 i chcemy, aby\u015b w czasie korzystania z naszych us\u0142ug czu\u0142 si\u0119 komfortowo. Dlatego te\u017c poni\u017cej prezentujemy Ci najwa\u017cniejsze informacje o zasadach przetwarzania przez nas Twoich danych osobowych oraz plikach cookies, kt\u00f3re s\u0105 wykorzystywane przez nasz Serwis. Informacje te zosta\u0142y przygotowane z uwzgl\u0119dnieniem RODO, czyli og\u00f3lnego rozporz\u0105dzenia o ochronie danych.<\/p>\n<\/section>\n<section>\n<h4>ADMINISTRATOR DANYCH OSOBOWYCH (&#8222;Administrator&#8221;)<\/h4>\n<ol>\n<li>Administratorem danych osobowych zbieranych za po\u015brednictwem strony internetowej&nbsp;<strong>www.serwis-panasonic.pl<\/strong> jest <strong>Grzegorz Wito\u0144<\/strong> wykonuj\u0105cy\/a dzia\u0142alno\u015b\u0107 gospodarcz\u0105 pod firm\u0105&nbsp;<strong>W&amp;W Przedsi\u0119biorstwo Wielobran\u017cowe Grzegorz Wito\u0144<\/strong>, adres siedziby: Rokici\u0144ska 142, 92-412 \u0141\u00f3d\u017a, adres do dor\u0119cze\u0144: Rokici\u0144ska 142, 92-412 \u0141\u00f3d\u017a, NIP: 7260038256, REGON: 470015902, wpisan\u0105 do Centralnej Ewidencji i Informacji o Dzia\u0142alno\u015bci Gospodarczej, adres poczty elektronicznej: ecs@wandw.com.pl, dalej \u201eAdministrator\u201d, b\u0119d\u0105cy\/a jednocze\u015bnie Us\u0142ugodawc\u0105. , miejsce wykonywania dzia\u0142alno\u015bci: Piotrkowska 235\/241, 90-456 \u0141\u00f3d\u017a, adres do dor\u0119cze\u0144: Piotrkowska 235\/241, 90-456 \u0141\u00f3d\u017a, NIP: 7260038256, REGON: 470015902, adres poczty elektronicznej (e-mail): ecs@wandw.com.pl, zwany\/a dalej \u201cAdministratorem\u201d.<\/li>\n<li>Dane osobowe zbierane przez Administratora za po\u015brednictwem strony internetowej s\u0105 przetwarzane zgodnie z&nbsp;Rozporz\u0105dzeniem Parlamentu Europejskiego i&nbsp;Rady (UE) 2016\/679 z&nbsp;dnia 27 kwietnia 2016 r. w&nbsp;sprawie ochrony os\u00f3b fizycznych w&nbsp;zwi\u0105zku z&nbsp;przetwarzaniem danych osobowych i&nbsp;w sprawie swobodnego przep\u0142ywu takich danych oraz uchylenia dyrektywy 95\/46\/WE (og\u00f3lne rozporz\u0105dzenie o&nbsp;ochronie danych), zwane dalej RODO oraz ustaw\u0105 o ochronie danych osobowych z dnia 10 maja 2018 r.<\/li>\n<\/ol>\n<p><span style=\"font-size: 1.3em; font-weight: bold;\">DANE OSOBOWE I PRYWATNO\u015a\u0106<\/span><\/p>\n<\/section>\n<section>\n<p>Je\u015bli zamierzasz korzysta\u0107 z naszych us\u0142ug, zostaniesz poproszony o podanie nam Twoich danych osobowych.<br>Twoje dane przetwarzane s\u0105 przez nas we wskazanych poni\u017cej celach, zwi\u0105zanych z funkcjonowaniem Serwisu i \u015bwiadczeniem us\u0142ug w nim oferowanych (\u201eUs\u0142ugi\u201d).<\/p>\n<p><strong>Cel przetwarzania:<\/strong><\/p>\n<p>W zale\u017cno\u015bci od tego, na co si\u0119 zdecydujesz, mo\u017ce to by\u0107:<\/p>\n<ul>\n<li>\u015awiadczenie us\u0142ug oferowanych w Serwisie.<\/li>\n<li>Realizacja Twoich zam\u00f3wie\u0144.<\/li>\n<li>Marketing bezpo\u015bredni oferowanych us\u0142ug.<\/li>\n<li>Przekazania Pani\/Pana danych osobowych do ING Banku \u015al\u0105skiego S.A. (\u201eBank\u201d) w zwi\u0105zku z \u015bwiadczeniem przez Bank na rzecz Sklepu internetowego us\u0142ugi udost\u0119pnienia infrastruktury do obs\u0142ugi p\u0142atno\u015bci przez Internet (podstawa prawna: art. 6 ust. 1 lit. f) Rozporz\u0105dzenia).<\/li>\n<li>Obs\u0142ug\u0105 i rozliczaniem przez Bank p\u0142atno\u015bci dokonywanych przez klient\u00f3w Sklepu internetowego przez Internet przy u\u017cyciu instrument\u00f3w p\u0142atniczych (podstawa prawna: art. 6 ust. 1 lit. f) Rozporz\u0105dzenia).&nbsp;<\/li>\n<li>W celu weryfikacji przez Bank nale\u017cytego wykonania um\u00f3w zawartych ze Sklepem internetowym, w szczeg\u00f3lno\u015bci zapewnienia ochrony interes\u00f3w p\u0142atnik\u00f3w w zwi\u0105zku ze sk\u0142adanymi przez nich reklamacjami (podstawa prawna: art. 6 ust. 1 lit. f) Rozporz\u0105dzenia).<\/li>\n<\/ul>\n<p><strong>Podstawa przetwarzania:<\/strong><\/p>\n<ul>\n<li>Umowa sprzeda\u017cy lub dzia\u0142ania podejmowane na Twoje \u017c\u0105danie, zmierzaj\u0105ce do jej zawarcia (art. 6 ust. 1 lit. b RODO)<\/li>\n<li>Ci\u0105\u017c\u0105cy na nas obowi\u0105zek prawny, np. zwi\u0105zany z rachunkowo\u015bci\u0105 (art. 6 ust. 1 lit. c RODO)<\/li>\n<li>Twoja zgoda wyra\u017cona w Serwisie (art. 6 ust. 1 lit. a RODO)<\/li>\n<li>Umowa o \u015bwiadczenie us\u0142ug lub dzia\u0142ania podejmowane na Twoje \u017c\u0105danie, zmierzaj\u0105ce do jej zawarcia (art. 6 ust. 1 lit. b RODO)<\/li>\n<li>Nasz prawnie uzasadniony interes, polegaj\u0105cy na przetwarzaniu danych w celu ustalenia, dochodzenia lub obrony ewentualnych roszcze\u0144 (art. 6 ust. 1 lit. f RODO)<\/li>\n<li>Nasz prawnie uzasadniony interes, polegaj\u0105cy na prowadzeniu marketingu bezpo\u015bredniego (art. 6 ust. 1 lit. f RODO)<\/li>\n<li>Nasz prawnie uzasadniony interes polegaj\u0105cy na przetwarzaniu danych w celach analitycznych i statystycznych&nbsp;(art. 6 ust. 1 lit. f RODO)<\/li>\n<li>\n<p>Nasz prawnie uzasadniony interes polegaj\u0105cy na&nbsp;badaniu satysfakcji klient\u00f3w (art. 6 ust. 1 lit. f RODO)<\/p>\n<\/li>\n<\/ul>\n<p><strong>Rodzaj przetwarzanych danych osobowych:<\/strong><\/p>\n<ul>\n<li>Imi\u0119 i Nazwisko<\/li>\n<li>Adres zamieszkania<\/li>\n<li>Adres e-mail<\/li>\n<li>Numer telefonu<\/li>\n<\/ul>\n<p><strong style=\"font-size: 15px;\">Podanie danych:<\/strong><\/p>\n<ul>\n<li>Dobrowolne, ale w niekt\u00f3rych przypadkach mo\u017ce by\u0107 konieczne do zawarcia umowy.<\/li>\n<\/ul>\n<p><strong>Skutek niepodania danych:<\/strong><\/p>\n<p>W zale\u017cno\u015bci od celu, w jakim dane s\u0105 podawane:<\/p>\n<ul>\n<li>brak mo\u017cliwo\u015bci korzystania z us\u0142ug Serwisu<\/li>\n<li>brak mo\u017cliwo\u015bci dokonania zakup\u00f3w w Serwisie<\/li>\n<\/ul>\n<p><strong>Mo\u017cliwo\u015b\u0107 cofni\u0119cia zgody:<\/strong><\/p>\n<ul>\n<li>w ka\u017cdej chwili<\/li>\n<\/ul>\n<p>Przetwarzanie danych do momentu cofni\u0119cia przez Ciebie zgody pozostaje zgodne z prawem.<\/p>\n<\/section>\n<section>\n<h4>OKRES PRZETWARZANIA<\/h4>\n<p>Twoje dane b\u0119dziemy przetwarza\u0107 tylko przez okres, w kt\u00f3rym b\u0119dziemy mie\u0107 ku temu podstaw\u0119 prawn\u0105, a wi\u0119c do momentu, w kt\u00f3rym:<\/p>\n<ul>\n<li>przestanie ci\u0105\u017cy\u0107 na nas obowi\u0105zek prawny, zobowi\u0105zuj\u0105cy nas do przetwarzania Twoich danych<\/li>\n<li>ustanie mo\u017cliwo\u015b\u0107 ustalania, dochodzenia lub obrony ewentualnych roszcze\u0144 zwi\u0105zanych z umow\u0105 zawart\u0105 przez Serwis przez strony<\/li>\n<li>cofniesz zgod\u0119 na przetwarzanie danych, je\u015bli to ona by\u0142a jego podstaw\u0105<\/li>\n<li>zostanie przyj\u0119ty Tw\u00f3j sprzeciw wobec przetwarzania Twoich danych osobowych &#8211; w przypadku gdy podstaw\u0105 przetwarzania Twoich danych by\u0142 uzasadniony interes administratora lub gdy dane by\u0142y przetwarzane w celu marketingu bezpo\u015bredniego<\/li>\n<\/ul>\n<p>&#8211; w zale\u017cno\u015bci od tego, co ma zastosowanie w danym przypadku i co nast\u0105pi najp\u00f3\u017aniej.<\/p>\n<\/section>\n<section>\n<h4>BEZPIECZE\u0143STWO DANYCH<\/h4>\n<p>Przetwarzaj\u0105c Twoje dane osobowe stosujemy \u015brodki organizacyjne i techniczne zgodne z w\u0142a\u015bciwymi przepisami prawa, w tym stosujemy szyfrowanie po\u0142\u0105czenia za pomoc\u0105 certyfikatu SSL.<\/p>\n<\/section>\n<section>\n<h4>TWOJE UPRAWNIENIA<\/h4>\n<p>Przys\u0142uguje Ci prawo \u017c\u0105dania:<\/p>\n<ul>\n<li>dost\u0119pu do Twoich danych osobowych,<\/li>\n<li>ich sprostowania,<\/li>\n<li>usuni\u0119cia,<\/li>\n<li>ograniczenia przetwarzania,<\/li>\n<li>\u017c\u0105dania przeniesienia danych do innego administratora,<\/li>\n<\/ul>\n<p>A tak\u017ce:<\/p>\n<ul>\n<li>wniesienia w dowolnym momencie sprzeciwu wobec przetwarzania Twoich danych:\n<ul>\n<li>z przyczyn zwi\u0105zanych z Twoj\u0105 szczeg\u00f3ln\u0105 sytuacj\u0105 \u2013 wobec przetwarzania dotycz\u0105cych Ciebie danych osobowych, opartego na art. 6 ust. 1 lit. f RODO (tj. na prawnie uzasadnionych interesach realizowanych przez administratora),<\/li>\n<li>je\u017celi dane osobowe s\u0105 przetwarzane na potrzeby marketingu bezpo\u015bredniego, w zakresie, w jakim przetwarzanie jest zwi\u0105zane z takim marketingiem bezpo\u015brednim.<\/li>\n<\/ul>\n<\/li>\n<\/ul>\n<p>Skontaktuj si\u0119 z nami, je\u015bli chcesz skorzysta\u0107 ze swoich praw.<\/p>\n<p>Je\u015bli uznasz, \u017ce Twoje dane s\u0105 przetwarzane niezgodnie z prawem, mo\u017cesz z\u0142o\u017cy\u0107 skarg\u0119 do organu nadzorczego.<\/p>\n<\/section>\n<section>\n<h4>CIASTECZKA<\/h4>\n<p>Nasz Serwis, jak wi\u0119kszo\u015b\u0107 witryn internetowych, korzysta z tzw. plik\u00f3w cookies (ciasteczek). Pliki te:<\/p>\n<ul>\n<li>s\u0105 zapisywane w pami\u0119ci Twojego urz\u0105dzenia (komputera, telefonu, itd.)<\/li>\n<li>umo\u017cliwiaj\u0105 Ci, m.in., korzystanie ze wszystkich funkcji Serwisu<\/li>\n<li>nie powoduj\u0105 zmian w ustawieniach Twojego urz\u0105dzenia<\/li>\n<\/ul>\n<p>Korzystaj\u0105c z odpowiednich opcji Twojej przegl\u0105darki, w ka\u017cdej chwili mo\u017cesz:<\/p>\n<ul>\n<li>usun\u0105\u0107 pliki cookies<\/li>\n<li>blokowa\u0107 wykorzystanie plik\u00f3w cookies w przysz\u0142o\u015bci<\/li>\n<\/ul>\n<p>W tym Sklepie ciasteczka wykorzystywane s\u0105 w celu:<\/p>\n<ul>\n<li>zapami\u0119tywania informacji o Twojej sesji<\/li>\n<li>statystycznym<\/li>\n<li>marketingowym<\/li>\n<li>udost\u0119pniania funkcji Serwisu<\/li>\n<\/ul>\n<p>Aby dowiedzie\u0107 si\u0119 jak zarz\u0105dza\u0107 plikami cookies, w tym jak wy\u0142\u0105czy\u0107 ich obs\u0142ug\u0119 w Twojej przegl\u0105darce, mo\u017cesz skorzysta\u0107 z pliku pomocy Twojej przegl\u0105darki. Z informacjami na ten temat mo\u017cesz zapozna\u0107 si\u0119 wciskaj\u0105c klawisz F1 w przegl\u0105darce. Ponadto odpowiednie wskaz\u00f3wki znajdziesz na nast\u0119puj\u0105cych podstronach, w zale\u017cno\u015bci od przegl\u0105darki, kt\u00f3rej u\u017cywasz:<\/p>\n<ul>\n<li><a href=\"https:\/\/support.mozilla.org\/pl\/kb\/W%C5%82%C4%85czanie%20i%20wy%C5%82%C4%85czanie%20obs%C5%82ugi%20ciasteczek\" target=\"_blank\" rel=\"noopener\">Firefox<\/a><\/li>\n<li><a href=\"https:\/\/support.google.com\/chrome\/answer\/95647?hl=plX\" target=\"_blank\" rel=\"noopener\">Chrome<\/a><\/li>\n<li><a href=\"https:\/\/support.apple.com\/kb\/PH5042?locale=en_US\" target=\"_blank\" rel=\"noopener\">Safari<\/a><\/li>\n<li><a href=\"http:\/\/windows.microsoft.com\/pl-pl\/windows-10\/edge-privacy-faq\" target=\"_blank\" rel=\"noopener\">Internet Explorer \/ Microsoft Edge<\/a><\/li>\n<\/ul>\n<p>Wi\u0119cej informacji o ciasteczkach znajdziesz w&nbsp;<a href=\"https:\/\/pl.wikipedia.org\/wiki\/HTTP_cookie\" target=\"_blank\" rel=\"noopener\">Wikipedii<\/a>.<\/p>\n<\/section>\n<section>\n<h4>US\u0141UGI ZEWN\u0118TRZNE \/ ODBIORCY DANYCH<\/h4>\n<p>Korzystamy z us\u0142ug podmiot\u00f3w zewn\u0119trznych, kt\u00f3rym mog\u0105 by\u0107 przekazywane Twoje dane. Poni\u017cej znajduje si\u0119 lista mo\u017cliwych odbiorc\u00f3w Twoich danych:<\/p>\n<ul>\n<li>dostawca oprogramowania potrzebnego do prowadzenia serwisu<\/li>\n<li>podmiot realizuj\u0105cy dostaw\u0119 towar\u00f3w<\/li>\n<li>biuro ksi\u0119gowe<\/li>\n<li>hostingodawca<\/li>\n<li>dostawca oprogramowania u\u0142atwiaj\u0105cego prowadzenie dzia\u0142alno\u015bci (np. oprogramowanie ksi\u0119gowe)<\/li>\n<li>podmiot zapewniaj\u0105cy us\u0142ugi marketingowe<\/li>\n<li>podmiot zapewniaj\u0105cy us\u0142ugi statystyczne<\/li>\n<li>odpowiednie organy publiczne w zakresie, w jakim Administrator jest zobowi\u0105zany do udost\u0119pnienia im danych<\/li>\n<\/ul>\n<\/section>\n<section>\n<h4>KONTAKT Z ADMINISTRATOREM<\/h4>\n<p>Chcesz skorzysta\u0107 ze swoich uprawnie\u0144 dotycz\u0105cych danych osobowych?<\/p>\n<p>A mo\u017ce po prostu chcesz zapyta\u0107 o co\u015b zwi\u0105zanego z nasz\u0105 Polityk\u0105 Prywatno\u015bci?<\/p>\n<p>Napisz na adres e-mail:<\/p>\n<p>ecs@wandw.com.pl<\/p>\n<\/section>\n<p><!-- \/wp:shortcode --><\/p>\t\t\t\t\t<\/div>\n\t\t\t\t\t\t<\/div>\n\t\t\t\t<\/div>\n\t\t\t\t\t\t<\/div>\n\t\t\t\t\t<\/div>\n\t\t<\/div>\n\t\t\t\t\t\t\t\t<\/div>\n\t\t\t\t\t<\/div>\n\t\t<\/section>\n\t\t\t\t<section class=\"elementor-section elementor-top-section elementor-element elementor-element-6d1ed91 elementor-section-boxed elementor-section-height-default elementor-section-height-default\" data-id=\"6d1ed91\" data-element_type=\"section\">\n\t\t\t\t\t\t<div class=\"elementor-container elementor-column-gap-default\">\n\t\t\t\t\t\t\t<div class=\"elementor-row\">\n\t\t\t\t\t<div class=\"elementor-column elementor-col-100 elementor-top-column elementor-element elementor-element-05ede01\" data-id=\"05ede01\" data-element_type=\"column\">\n\t\t\t<div class=\"elementor-column-wrap elementor-element-populated\">\n\t\t\t\t\t\t\t<div class=\"elementor-widget-wrap\">\n\t\t\t\t\t\t\t\t<\/div>\n\t\t\t\t\t<\/div>\n\t\t<\/div>\n\t\t\t\t\t\t\t\t<\/div>\n\t\t\t\t\t<\/div>\n\t\t<\/section>\n\t\t\t\t\t\t\t\t\t<\/div>\n\t\t\t<\/div>\n\t\t\t\t\t<\/div>\n\t\t","protected":false},"excerpt":{"rendered":"<p>Polityka prywatno\u015bci<\/p>\n","protected":false},"author":1,"featured_media":0,"parent":0,"menu_order":0,"comment_status":"closed","ping_status":"closed","template":"","meta":[],"aioseo_notices":[],"_links":{"self":[{"href":"https:\/\/serwis-panasonic.pl\/index.php\/wp-json\/wp\/v2\/pages\/568"}],"collection":[{"href":"https:\/\/serwis-panasonic.pl\/index.php\/wp-json\/wp\/v2\/pages"}],"about":[{"href":"https:\/\/serwis-panasonic.pl\/index.php\/wp-json\/wp\/v2\/types\/page"}],"author":[{"embeddable":true,"href":"https:\/\/serwis-panasonic.pl\/index.php\/wp-json\/wp\/v2\/users\/1"}],"replies":[{"embeddable":true,"href":"https:\/\/serwis-panasonic.pl\/index.php\/wp-json\/wp\/v2\/comments?post=568"}],"version-history":[{"count":17,"href":"https:\/\/serwis-panasonic.pl\/index.php\/wp-json\/wp\/v2\/pages\/568\/revisions"}],"predecessor-version":[{"id":1077,"href":"https:\/\/serwis-panasonic.pl\/index.php\/wp-json\/wp\/v2\/pages\/568\/revisions\/1077"}],"wp:attachment":[{"href":"https:\/\/serwis-panasonic.pl\/index.php\/wp-json\/wp\/v2\/media?parent=568"}],"curies":[{"name":"wp","href":"https:\/\/api.w.org\/{rel}","templated":true}]}}